{"id":233,"date":"2019-04-02T12:41:38","date_gmt":"2019-04-02T10:41:38","guid":{"rendered":"http:\/\/tuer-tortechnik.com\/wp\/?page_id=233"},"modified":"2019-06-17T12:49:44","modified_gmt":"2019-06-17T10:49:44","slug":"sonderloesungen","status":"publish","type":"page","link":"https:\/\/tuer-tortechnik.com\/wp\/schiebetueren\/sonderloesungen\/","title":{"rendered":"Sonderl\u00f6sungen"},"content":{"rendered":"<p style=\"text-align: center;\"><strong>Individuelle L\u00f6sungen sind immer eine Herausforderung.<img loading=\"lazy\" class=\"size-medium wp-image-562 aligncenter\" src=\"http:\/\/tuer-tortechnik.com\/wp\/wp-content\/uploads\/2019\/06\/001-225x300.jpg\" alt=\"\" width=\"225\" height=\"300\" srcset=\"https:\/\/tuer-tortechnik.com\/wp\/wp-content\/uploads\/2019\/06\/001-225x300.jpg 225w, https:\/\/tuer-tortechnik.com\/wp\/wp-content\/uploads\/2019\/06\/001.jpg 768w\" sizes=\"(max-width: 225px) 100vw, 225px\" \/><\/strong>F\u00fcr komplexe Speziall\u00f6sungen stehen wir Ihnen gerne als kompetenter Ansprechpartner zur Verf\u00fcgung.<\/p>\n<p>Wir richten uns nach Ihren speziellen Anfragen:<\/p>\n<ul>\n<li>Gr\u00f6\u00dfe<\/li>\n<li>Funktion<\/li>\n<li>Architektur<\/li>\n<li>Schr\u00e4ge<\/li>\n<li>Besondere Zug\u00e4nge im Innen- und Au\u00dfenbereich<\/li>\n<li>Platzbedarf<\/li>\n<\/ul>\n<p>Gerne fertigen wir Schiebet\u00fcren zusammen mit Metallbauelementen gem\u00e4\u00df Ihrem Entwurf nach Ma\u00df an.<\/p>\n<p>z.B. Teleskopschiebet\u00fcren bzw. Faltschiebet\u00fcren bieten Ihnen eine gro\u00dfe \u00d6ffnung auf kleinsten Raum. Spezielle Ausf\u00fchrungen optimieren und erm\u00f6glichen den maximalen Durchgang. Die \u00d6ffnungsbreite, Variante und Funktion kann je nach Wunsch individuell angepasst werden.<\/p>\n<p>Weitere Ausf\u00fchrungsvarianten bieten wir Ihnen auf Anfrage gerne an.<\/p>\n<p>&nbsp;<\/p>\n<p><img loading=\"lazy\" class=\" wp-image-234 alignleft\" src=\"http:\/\/tuer-tortechnik.com\/wp\/wp-content\/uploads\/2019\/04\/Wasser-225x300.png\" alt=\"\" width=\"230\" height=\"307\" srcset=\"https:\/\/tuer-tortechnik.com\/wp\/wp-content\/uploads\/2019\/04\/Wasser-225x300.png 225w, https:\/\/tuer-tortechnik.com\/wp\/wp-content\/uploads\/2019\/04\/Wasser.png 709w\" sizes=\"(max-width: 230px) 100vw, 230px\" \/><br \/>\n<img loading=\"lazy\" class=\" wp-image-528 alignright\" src=\"http:\/\/tuer-tortechnik.com\/wp\/wp-content\/uploads\/2019\/06\/DSC02776-300x225.jpg\" alt=\"\" width=\"337\" height=\"253\" srcset=\"https:\/\/tuer-tortechnik.com\/wp\/wp-content\/uploads\/2019\/06\/DSC02776-300x225.jpg 300w, https:\/\/tuer-tortechnik.com\/wp\/wp-content\/uploads\/2019\/06\/DSC02776-768x576.jpg 768w, https:\/\/tuer-tortechnik.com\/wp\/wp-content\/uploads\/2019\/06\/DSC02776-1024x768.jpg 1024w\" sizes=\"(max-width: 337px) 100vw, 337px\" \/><\/p>\n<p>&nbsp;<\/p>\n<p style=\"text-align: center;\">Diese automatische Schiebet\u00fcre eines Bades erm\u00f6glicht die optimale Trennung des Innen- und Au\u00dfenbereiches.<\/p>\n<p style=\"text-align: center;\">Sie bietet einen komfortablen Durchgang f\u00fcr Ihre G\u00e4ste und spart zus\u00e4tzlich wertvolle Energie.<\/p>\n<p>&nbsp;<\/p>\n<p>Wir freuen uns auf Ihre Anfragen und die Umsetzung Ihrer W\u00fcnsche !<\/p>\n<p>&nbsp;<\/p>\n<a class=\"maxbutton-1 maxbutton maxbutton-button1\" target=\"_blank\" title=\"JETZT\" rel=\"noopener\" href=\"http:\/\/tuer-tortechnik.com\/wp\/wp-content\/uploads\/2019\/06\/Automatische-Tu\u0308rsysteme.pdf\"><span class='mb-text'>T\u00dcRSYSTEME<\/span><\/a>\n","protected":false},"excerpt":{"rendered":"<p>Individuelle L\u00f6sungen sind immer eine Herausforderung.F\u00fcr komplexe Speziall\u00f6sungen stehen wir Ihnen gerne als kompetenter Ansprechpartner zur Verf\u00fcgung. Wir richten uns nach Ihren speziellen Anfragen: Gr\u00f6\u00dfe Funktion Architektur Schr\u00e4ge Besondere Zug\u00e4nge im Innen- und Au\u00dfenbereich Platzbedarf Gerne fertigen wir Schiebet\u00fcren zusammen mit Metallbauelementen gem\u00e4\u00df Ihrem Entwurf nach Ma\u00df an. z.B. Teleskopschiebet\u00fcren bzw. Faltschiebet\u00fcren bieten Ihnen eine [&hellip;]<\/p>\n","protected":false},"author":2,"featured_media":0,"parent":66,"menu_order":0,"comment_status":"closed","ping_status":"closed","template":"","meta":[],"_links":{"self":[{"href":"https:\/\/tuer-tortechnik.com\/wp\/wp-json\/wp\/v2\/pages\/233"}],"collection":[{"href":"https:\/\/tuer-tortechnik.com\/wp\/wp-json\/wp\/v2\/pages"}],"about":[{"href":"https:\/\/tuer-tortechnik.com\/wp\/wp-json\/wp\/v2\/types\/page"}],"author":[{"embeddable":true,"href":"https:\/\/tuer-tortechnik.com\/wp\/wp-json\/wp\/v2\/users\/2"}],"replies":[{"embeddable":true,"href":"https:\/\/tuer-tortechnik.com\/wp\/wp-json\/wp\/v2\/comments?post=233"}],"version-history":[{"count":12,"href":"https:\/\/tuer-tortechnik.com\/wp\/wp-json\/wp\/v2\/pages\/233\/revisions"}],"predecessor-version":[{"id":615,"href":"https:\/\/tuer-tortechnik.com\/wp\/wp-json\/wp\/v2\/pages\/233\/revisions\/615"}],"up":[{"embeddable":true,"href":"https:\/\/tuer-tortechnik.com\/wp\/wp-json\/wp\/v2\/pages\/66"}],"wp:attachment":[{"href":"https:\/\/tuer-tortechnik.com\/wp\/wp-json\/wp\/v2\/media?parent=233"}],"curies":[{"name":"wp","href":"https:\/\/api.w.org\/{rel}","templated":true}]}}