{"id":260,"date":"2019-04-02T14:10:36","date_gmt":"2019-04-02T12:10:36","guid":{"rendered":"http:\/\/tuer-tortechnik.com\/wp\/?page_id=260"},"modified":"2019-06-26T08:33:55","modified_gmt":"2019-06-26T06:33:55","slug":"schnelllauftore","status":"publish","type":"page","link":"https:\/\/tuer-tortechnik.com\/wp\/torsyteme-fuer-industrielle-anwendung\/schnelllauftore\/","title":{"rendered":"Schnelllauftore"},"content":{"rendered":"<blockquote><p><span style=\"font-size: 18pt;\">Schnelllauftore erm\u00f6glichen die schnelle Durchfahrt, z. B. von Gabelstaplern, und reduzieren Energie-Verluste.<\/span><\/p><\/blockquote>\n<p>&nbsp;<\/p>\n<p><b>Schnelllauf-Rolltor<\/b><img loading=\"lazy\" class=\"size-medium wp-image-261 alignright\" style=\"background-color: transparent; color: #333333; float: right; font-family: Georgia,&amp;quot; times new roman&amp;quot;,&amp;quot;bitstream charter&amp;quot;,times,serif; font-size: 16px; font-style: normal; font-variant: normal; font-weight: 400; height: 283px; letter-spacing: normal; max-width: 1380px; orphans: 2; outline-color: #72777c; outline-style: solid; outline-width: 1px; text-align: left; text-decoration: none; text-indent: 0px; text-transform: none; -webkit-text-stroke-width: 0px; white-space: normal; word-spacing: 0px; margin: 8px 0px 8px 16px;\" src=\"http:\/\/tuer-tortechnik.com\/wp\/wp-content\/uploads\/2019\/04\/Schnelllauf-Rolltor-300x283.png\" alt=\"\" width=\"300\" height=\"283\" srcset=\"https:\/\/tuer-tortechnik.com\/wp\/wp-content\/uploads\/2019\/04\/Schnelllauf-Rolltor-300x283.png 300w, https:\/\/tuer-tortechnik.com\/wp\/wp-content\/uploads\/2019\/04\/Schnelllauf-Rolltor.png 364w\" sizes=\"(max-width: 300px) 100vw, 300px\" \/><\/p>\n<p>Durch hohe Dauerlaufeigenschaften und eine robuste Ausf\u00fchrung erf\u00fcllt das Schnelllauf-Rolltor die n\u00f6tigen Anforderungen<\/p>\n<p>f\u00fcr alle Einsatzgebiete \u2013 insbesondere auch f\u00fcr den Einsatz als Au\u00dfentor. Mit hohen Laufgeschwindigkeiten von bis zu 1,5 Metern<\/p>\n<p>pro Sekunde garantiert unser Schnelllauf-Rolltor eine hohe Energieeffizienz durch minimale W\u00e4rmeverluste. Je k\u00fcrzer ein Tor offen steht, desto geringer ist der W\u00e4rmeverlust w\u00e4hrend der Torbewegungsphase.<\/p>\n<ul>\n<li>hohe Laufgeschwindigkeit \uf0a1<\/li>\n<li>sehr geringer Verschlei\u00df \uf0a1<\/li>\n<li>gutes Kosten-Nutzen-Verh\u00e4ltnis<\/li>\n<\/ul>\n<p>&nbsp;<\/p>\n<p>&nbsp;<\/p>\n<p><b>Schnelllauf-Folientor<\/b><img loading=\"lazy\" class=\"size-medium wp-image-262 alignright\" style=\"background-color: transparent; color: #333333; float: right; font-family: Georgia,&amp;quot; times new roman&amp;quot;,&amp;quot;bitstream charter&amp;quot;,times,serif; font-size: 16px; font-style: normal; font-variant: normal; font-weight: 400; height: 297px; letter-spacing: normal; max-width: 1380px; orphans: 2; outline-color: #72777c; outline-style: solid; outline-width: 1px; text-align: left; text-decoration: none; text-indent: 0px; text-transform: none; -webkit-text-stroke-width: 0px; white-space: normal; word-spacing: 0px; margin: 8px 0px 8px 16px;\" src=\"http:\/\/tuer-tortechnik.com\/wp\/wp-content\/uploads\/2019\/04\/Schnelllauf-Folientor-300x297.png\" alt=\"\" width=\"300\" height=\"297\" srcset=\"https:\/\/tuer-tortechnik.com\/wp\/wp-content\/uploads\/2019\/04\/Schnelllauf-Folientor-300x297.png 300w, https:\/\/tuer-tortechnik.com\/wp\/wp-content\/uploads\/2019\/04\/Schnelllauf-Folientor-150x150.png 150w, https:\/\/tuer-tortechnik.com\/wp\/wp-content\/uploads\/2019\/04\/Schnelllauf-Folientor.png 344w\" sizes=\"(max-width: 300px) 100vw, 300px\" \/><\/p>\n<p>Schnelllauf-Folientore sch\u00fctzen Personen und Material durch das integrierte Federkraft-Crash-Schutzsystem<br \/>\nMit hohen Laufgeschwindigkeiten von bis zu 1,5 Metern pro Sekunde garantiert unser Schnelllauf-Rolltor eine hohe Energieeffizienz durch<\/p>\n<p>minimale W\u00e4rmeverluste. Je k\u00fcrzer ein Tor offen steht, desto geringer ist der W\u00e4rmeverlust w\u00e4hrend der Torbewegungsphase.<\/p>\n<p>Hochstabiler Rolltorbehang<\/p>\n<ul>\n<li>mit PVC-Sichtfenster \uf0a1<\/li>\n<li>mit Federkraft-Crash-Schutz<\/li>\n<\/ul>\n<p>Perfekt f\u00fcr den Au\u00dfenbereich in Kombination mit Roll- oder Sektionaltoren.<\/p>\n<p>&nbsp;<\/p>\n","protected":false},"excerpt":{"rendered":"<p>Schnelllauftore erm\u00f6glichen die schnelle Durchfahrt, z. B. von Gabelstaplern, und reduzieren Energie-Verluste. &nbsp; Schnelllauf-Rolltor Durch hohe Dauerlaufeigenschaften und eine robuste Ausf\u00fchrung erf\u00fcllt das Schnelllauf-Rolltor die n\u00f6tigen Anforderungen f\u00fcr alle Einsatzgebiete \u2013 insbesondere auch f\u00fcr den Einsatz als Au\u00dfentor. Mit hohen Laufgeschwindigkeiten von bis zu 1,5 Metern pro Sekunde garantiert unser Schnelllauf-Rolltor eine hohe Energieeffizienz durch [&hellip;]<\/p>\n","protected":false},"author":2,"featured_media":0,"parent":254,"menu_order":0,"comment_status":"closed","ping_status":"closed","template":"","meta":[],"_links":{"self":[{"href":"https:\/\/tuer-tortechnik.com\/wp\/wp-json\/wp\/v2\/pages\/260"}],"collection":[{"href":"https:\/\/tuer-tortechnik.com\/wp\/wp-json\/wp\/v2\/pages"}],"about":[{"href":"https:\/\/tuer-tortechnik.com\/wp\/wp-json\/wp\/v2\/types\/page"}],"author":[{"embeddable":true,"href":"https:\/\/tuer-tortechnik.com\/wp\/wp-json\/wp\/v2\/users\/2"}],"replies":[{"embeddable":true,"href":"https:\/\/tuer-tortechnik.com\/wp\/wp-json\/wp\/v2\/comments?post=260"}],"version-history":[{"count":10,"href":"https:\/\/tuer-tortechnik.com\/wp\/wp-json\/wp\/v2\/pages\/260\/revisions"}],"predecessor-version":[{"id":669,"href":"https:\/\/tuer-tortechnik.com\/wp\/wp-json\/wp\/v2\/pages\/260\/revisions\/669"}],"up":[{"embeddable":true,"href":"https:\/\/tuer-tortechnik.com\/wp\/wp-json\/wp\/v2\/pages\/254"}],"wp:attachment":[{"href":"https:\/\/tuer-tortechnik.com\/wp\/wp-json\/wp\/v2\/media?parent=260"}],"curies":[{"name":"wp","href":"https:\/\/api.w.org\/{rel}","templated":true}]}}